{"id":320,"date":"2015-06-30T07:39:19","date_gmt":"2015-06-30T07:39:19","guid":{"rendered":"https:\/\/cbbs.hr\/projekti-i-partneri\/?lang=en"},"modified":"2015-07-23T07:03:46","modified_gmt":"2015-07-23T07:03:46","slug":"projekti-i-partneri","status":"publish","type":"page","link":"https:\/\/cbbs.hr\/en\/projekti-i-partneri\/","title":{"rendered":"Strategic Partnerships \/ Projects &#038; Partners"},"content":{"rendered":"<div class=\"entry-title\">\n<h1>Projects &amp; Partners<\/h1>\n<\/div>\n<p>CBBS &#8211; Management Consulting &amp; Business Building Co. has successfully created and conducted several projects and solutions for its clients and customers. Here you can find some of the projects developed in the period from June 2007 until today.<\/p>\n<div class=\"entry-title\">\n<h2>1.\u00a0Market studies<\/h2>\n<ul>\n<li>Market study and concept for the development of <b>Adriatic Boat Show<\/b> in \u0160ibenik\/Croatia.<\/li>\n<li>Market study <b>CEFA &#8211; Your Gateway to Central and SE Europe<\/b> (created in the co operation with the trade fair association &#8211; CEFA).<\/li>\n<\/ul>\n<\/div>\n<div class=\"border-entry\">\n<hr \/>\n<\/div>\n<div class=\"entry-title\">\n<h2>2.\u00a0Strategic partnerships &#8211; new markets<\/h2>\n<ul>\n<li>Partnership for the faster growth in Central and Eastern Europe. <a title=\"PCEI - Polish Chamber of Exhibition Industry (Pozna\u0144)\" href=\"http:\/\/www.polfair.com.pl\/index.php?lang=en\">PCEI &#8211; Polish Chamber of Exhibition Industry (Pozna\u0144)<\/a> and CBBS \u2013 Management Consulting &amp; Business Building Company Ltd (Zagreb) agreed on the future co-operation and partnership to help faster growth and development in Central and Eastern Europe in order to use all the business opportunities coming from the cooperation between existing EU members, future EU members (Croatia, Turkey and Balkan countries), Russia, Ukraine and other Eastern European countries.<br \/> More &#8230;.<\/li>\n<li><b>New partnership for Europe<\/b> &#8211; New partnership started by CBBS together with <a title=\"CENTREX - International Exhibition Statistics Union (Budapest)\" href=\"http:\/\/www.centrexstat.org\">CENTREX<\/a> &#8211; International Exhibition Statistics Union (Budapest) and <a title=\"IEE-Exhibitions Research Institute (Thessaloniki)\" href=\"http:\/\/www.iee.org.gr\">IEE<\/a> &#8211; Exhibitions Research Institute (Thessaloniki), on the future co operation in order to support development of the trade fair industry in Central\/South East Europe and better use of EU funding.<br \/> More &#8230;.<\/li>\n<li>Consulting of innovative German ICT company, specialized in digital marketing platforms, in the marketing activities in new markets in Central and Eastern Europe.<\/li>\n<li>Strategic partnerships and JV projects between European and regional companies (more projects in the period 2007-2010).<\/li>\n<\/ul>\n<\/div>\n<p><a href=\"https:\/\/cbbs.hr\/wp-content\/uploads\/2015\/06\/Fotolia_22252214_S.jpg\"><img loading=\"lazy\" decoding=\"async\" class=\"aligncenter wp-image-267\" src=\"https:\/\/cbbs.hr\/wp-content\/uploads\/2015\/06\/Fotolia_22252214_S-300x300.jpg\" alt=\"two 3d humans with puzzle piece in hands\" width=\"220\" height=\"220\" srcset=\"https:\/\/cbbs.hr\/wp-content\/uploads\/2015\/06\/Fotolia_22252214_S-300x300.jpg 300w, https:\/\/cbbs.hr\/wp-content\/uploads\/2015\/06\/Fotolia_22252214_S-150x150.jpg 150w, https:\/\/cbbs.hr\/wp-content\/uploads\/2015\/06\/Fotolia_22252214_S-640x640.jpg 640w, https:\/\/cbbs.hr\/wp-content\/uploads\/2015\/06\/Fotolia_22252214_S.jpg 693w\" sizes=\"auto, (max-width: 220px) 100vw, 220px\" \/><\/a><\/p>\n<div class=\"entry-title\">\n<hr \/>\n<h2>\u00a03.\u00a0International matchmaking and trade fair presentations<\/h2>\n<ul>\n<li>Consulting &amp; supporting Boat Show <b>Grand Pavois<\/b>, La Rochelle (France) in the project<b> Croatie &#8211; Pays d\u2019honneur 2007.<\/b><\/li>\n<li>Creating workshop &amp; matchmaking for the project <b>\u201cEnergy Efficiency &#8211; Climate Change &#8211; SME\u201d<\/b> based on <b>Ecology &#8211; Construction &#8211; Energy<\/b> trade fairs in portfolio of CEFA members in Bruxelles, November 29, 2007.<\/li>\n<\/ul>\n<\/div>\n<div class=\"border-entry\">\n<div class=\"entry-title\">\n<hr \/>\n<h2>4.\u00a0EU Projects<\/h2>\n<ul>\n<li>International conference <b>European success stories in the revitalization of the castles and historic houses<\/b> was successfully created and organized in Zagreb, October 9 &#8211; 10, 2008 by Faculty of Architecture, University of Zagreb, companies Acquis and CBBS from Zagreb, in the co operation with The European Historic Houses (<b>UEHHA<\/b> &#8211; Union of European Historic Houses Associations) from Bruxelles.<\/li>\n<li><b>European Training Institute (ETI)<\/b> &#8211; Brussels\u2019 leading training centre in EU Public Afairs &amp; Lobbying, <b>Faculty of Economics and Business<\/b>, University of Zagreb and <b>CBBS<\/b>, as consulting-lobbying company organized April 23-24 in Zagreb, conference and training <b>How to succeed in EU?<\/b>\u00a0 with European and Croatian speakers.<\/li>\n<li>Lobbying and working together with the international consortium for <b>ENEFEX<\/b> project applying for funding of <b>Intelligent Energy Europe 2010<\/b> programme, together with companies from Greece, Portugal, Spain, Slovenia &amp; Poland; application successfully submitted June 24, 2010.<\/li>\n<li>Preparation of the project of revitalization of the old castles and protecting cultural heritage, in the frame of IPA CBC Programme Croatia-Slovenia 2010 for the City of Jastrebarsko as a Lead Partner together with partners from Croatia and Slovenia, in the co operation with Oikos Ltd from Slovenia; application submitted June 30, 2010.<\/li>\n<\/ul>\n<\/div>\n<p><a href=\"https:\/\/cbbs.hr\/wp-content\/uploads\/2015\/06\/eu.png\"><img loading=\"lazy\" decoding=\"async\" class=\"aligncenter size-full wp-image-62\" src=\"https:\/\/cbbs.hr\/wp-content\/uploads\/2015\/06\/eu.png\" alt=\"eu\" width=\"268\" height=\"151\" \/><\/a><\/p>\n<hr \/>\n<h2>5. Brussels meets Zagreb &#8211; new EU Affairs &amp; EU Funding programme for Croatia and SE Europe<\/h2>\n<p><a href=\"https:\/\/cbbs.hr\/wp-content\/uploads\/2015\/06\/brussels.png\"><img loading=\"lazy\" decoding=\"async\" class=\"aligncenter size-full wp-image-64\" src=\"https:\/\/cbbs.hr\/wp-content\/uploads\/2015\/06\/brussels.png\" alt=\"brussels\" width=\"640\" height=\"126\" srcset=\"https:\/\/cbbs.hr\/wp-content\/uploads\/2015\/06\/brussels.png 640w, https:\/\/cbbs.hr\/wp-content\/uploads\/2015\/06\/brussels-300x59.png 300w\" sizes=\"auto, (max-width: 640px) 100vw, 640px\" \/><\/a><\/p>\n<p>Taking into account the current stage of Croatian accession to the European Union, consulting-lobbying company, <a title=\"CBBS Ltd\" href=\"https:\/\/cbbs.hr\/\">CBBS Ltd<\/a> from Zagreb, <a title=\"Faculty of Economics\" href=\"http:\/\/www.efzg.hr\">Faculty of Economics in Zagreb<\/a>, University of Zagreb and, European Training Institute (<a title=\"European Training Institute (ETI)\" href=\"http:\/\/www.e-t-i.be\">ETI<\/a>), one of the a leading EU training institutions from Brussels, are starting a joint co operation &amp; partnership on the organization of EU training programme <a title=\"Brussels meets Zagreb\" href=\"https:\/\/cbbs.hr\/brussels-meets-zagreb-novi-program-za-europu\/?lang=en\">Brussels meets Zagreb<\/a>.<\/p>\n<p>EU Affairs &amp; EU Funding programme is organized in 2 modules, the first module in Zagreb, on EU funds and preparation of EU projects is February 24 &#8211; 25, 2011 and the second one, focused on EU lobbying, communication and working with EU institutions will take place in ETI premises in Brussels, March 30 &#8211; April 1, 2011.<\/p>\n<\/div>\n<div class=\"entry-title\">\n<hr \/>\n<h2>Module 1 \u201cHow to be successful with EU Funding\u201d, Zagreb, February, 24 -25, 2011<\/h2>\n<\/div>\n<div>\n<p><a href=\"https:\/\/cbbs.hr\/wp-content\/uploads\/2015\/06\/jan-droege-eti-2.png\"><img loading=\"lazy\" decoding=\"async\" class=\"alignleft size-full wp-image-65\" src=\"https:\/\/cbbs.hr\/wp-content\/uploads\/2015\/06\/jan-droege-eti-2.png\" alt=\"jan-droege-eti-2\" width=\"200\" height=\"118\" \/><\/a><\/p>\n<div>\n<div>\n<div>\n<p>EU Training \u201cBrussels meets Zagreb\u201d successfully started in Zagreb, February 24 &#8211; 25, 2011 with Module 1 \u201cHow to be successful with EU funding\u201d, organized in joint partnership of consulting-lobbying company <a title=\"CBBS Ltd\" href=\"https:\/\/cbbs.hr\/\">CBBS Ltd<\/a> from Zagreb, <a title=\"Faculty of Economics\" href=\"http:\/\/www.efzg.hr\">Faculty of Economics<\/a> in Zagreb, University of Zagreb and European Training Institute (<a title=\"European Training Institute (ETI)\" href=\"http:\/\/www.e-t-i.be\">ETI<\/a>) from Brussels.<\/p>\n<\/div>\n<\/div>\n<div>Jan Droege, ETI key note speaker in Module 1<\/div>\n<div class=\"preuzimanje2\">Programme Module 1 <a title=\"Programme Module 1\" href=\"https:\/\/cbbs.hr\/wp-content\/uploads\/2015\/06\/Brussels-meets-Zagreb-Module-1-Zagreb-24-25.2.2011.pdf\">(PDF)<\/a>, Press release Module 1 <a title=\"Press release Module 1\" href=\"https:\/\/cbbs.hr\/wp-content\/uploads\/2015\/06\/PressreleaseBrusselsmeetsZagrebModule124022011-engleski.pdf\">(PDF)<\/a><\/div>\n<div class=\"preuzimanje2\">Programme \u201cBrussels meets Zagreb\u201d <a title=\"Programme \" href=\"https:\/\/cbbs.hr\/wp-content\/uploads\/2015\/06\/eut.pdf\">(PDF)<\/a>, Application \u201cBrussels meets Zagreb\u201d <a title=\"Application Brussels meets Zagreb\" href=\"https:\/\/cbbs.hr\/wp-content\/uploads\/2015\/06\/orderformbrusselsmz2011.pdf\">(PDF)<\/a><\/div>\n<\/div>\n<\/div>\n<p><b>Informacije:<\/b><\/p>\n<div class=\"cijeli\">\n<div class=\"cijeli-left\">\n<p><b>Information<\/b>:<\/p>\n<p><b>St\u00e9phane Vanderveken<\/b><br \/> Managing Director, ETI<br \/> <span id=\"eeEncEmail_gDOeqACOLP\"><a href=\"mailto:sva@e-t-i.be\">sva@e-t-i.be<\/a><\/span><\/p>\n<\/div>\n<div class=\"cijeli-right\">\n<p>CBBS :<\/p>\n<p><b>Berislav \u010ci\u017emek<\/b><br \/> CEO, CBBS d.o.o.<br \/> <span id=\"eeEncEmail_uGpgSM8q4n\"><a href=\"mailto:ceo@cbbs.hr\">ceo@cbbs.hr<\/a><\/span><\/p>\n<div class=\"entry-title\">\n<hr \/>\n<h2>6. International conferences and events<\/h2>\n<\/div>\n<div class=\"entry-title\">\n<h4>International conference: \u201c<b>EXPORT &#8211; engine of the development<\/b>: The Trade Fair Industry a key for the growth of export and internationalization of European companies\u201d<\/h4>\n<p><a href=\"https:\/\/cbbs.hr\/wp-content\/uploads\/2015\/06\/Fotolia_33503301_M.jpg\"><img loading=\"lazy\" decoding=\"async\" class=\"aligncenter size-medium wp-image-270\" src=\"https:\/\/cbbs.hr\/wp-content\/uploads\/2015\/06\/Fotolia_33503301_M-300x300.jpg\" alt=\"Global Player - Gesch\u00e4ftspartner und internationales Business\" width=\"300\" height=\"300\" srcset=\"https:\/\/cbbs.hr\/wp-content\/uploads\/2015\/06\/Fotolia_33503301_M-300x300.jpg 300w, https:\/\/cbbs.hr\/wp-content\/uploads\/2015\/06\/Fotolia_33503301_M-150x150.jpg 150w, https:\/\/cbbs.hr\/wp-content\/uploads\/2015\/06\/Fotolia_33503301_M-1024x1024.jpg 1024w, https:\/\/cbbs.hr\/wp-content\/uploads\/2015\/06\/Fotolia_33503301_M-640x640.jpg 640w, https:\/\/cbbs.hr\/wp-content\/uploads\/2015\/06\/Fotolia_33503301_M.jpg 1378w\" sizes=\"auto, (max-width: 300px) 100vw, 300px\" \/><\/a><\/p>\n<p>After successfully finalized Market Survey on internationalization of SMEs in Europe that was conducted by CBBS in 2012, (<a title=\"Results of Market Survey\" href=\"https:\/\/cbbs.hr\/en\/cbbs-proveo-istrazivanje-sajamska-industrija-i-internacionalizacija-malih-i-srednjih-poduzeca\/\">Results of Market Survey<\/a>), CBBS, consulting and EU lobbying company from Zagreb is preparing together with B2B magazine <a title=\"Suvremena.hr\" href=\"http:\/\/suvremena.hr\">Suvremena.hr<\/a> from Zagreb international conference: <b>\u201cEXPORT &#8211; engine of the development: The Trade Fair Industry a key for the growth of export and internationalization of European companies\u201d<\/b>, that will take place in Zagreb, hotel Westin, conference room \u201cPanorama\u201d, 17 floor, March, 22, 2013.\u00a0<\/p>\n<p>Partners of the conference will be leading trade fair associations from Central and SE Europe, <a title=\"CEFA - Central European Fair Alliance\" href=\"http:\/\/www.cefa.biz\">CEFA &#8211; Central European Fair Alliance<\/a> from Vienna and <a title=\"CENTREX - International Exhibition Statistics Union\" href=\"http:\/\/www.centrexstat.org\">CENTREX &#8211; International Exhibition Statistics Union<\/a>\u00a0 from Budapest. The day before the conference, March 21, there will be also a meeting of CEFA Steering Group.<\/p>\n<p>Co organizers of the conference will be think thank <a title=\"Zagreb initiative\" href=\"http:\/\/www.inicijativa.com.hr\">Zagreb initiative<\/a>, <a title=\"Konrad Adenauer Stiftung\" href=\"http:\/\/www.kas.de\">Konrad Adenauer Stiftung<\/a> and <a title=\"AHK (German - Croatian Chamber of Industry &amp; Trade)\" href=\"http:\/\/kroatien.ahk.de\/hr\">AHK (German &#8211; Croatian Chamber of Industry &amp; Trade)<\/a>.<\/p>\n<p>The aim of the conference will be to present how important are trade fairs, as marketing, networking and learning platforms, for the companies interested for internationalization of the business and entering new markets.<\/p>\n<p>Croatian esteemed economist and Vice President of think tank Zagreb initiative, <b>prof. Mladen Vedri\u0161 Ph.D.<\/b> will talk about <b>the need and importance of exports as an important component of growth and development of a modern economy<\/b>. Other key note speaker will be Dr. Nina Schniering, director of Strategic Development of one of Germany\u2019s leading trade fair organizers Messe M\u00fcnchen. She will talk in her presentation: <b>\u201cThe internationalization of the model <a title=\"Messe Messe Munich\" href=\"http:\/\/www.messe-muenchen.de\">Messe Munich<\/a> &#8211; Fair shows to enter the global market\u201d about the models of Bavarian and German export<\/b>, with the support of the Government of Bavaria, through exhibiting at international trade fairs organized by Messe M\u00fcnchen world wide.<\/p>\n<p>Participants will be able to learn more about importance of export in time of crisis, institutional support in <b>Croatia and other countries in Central and SE Europe<\/b>. They will be able to meet more than 20 leading trade fair companies from Central and SE Europe, <b>CEFA and CENTREX members<\/b>, that will be attending conference in Zagreb, ready to share its experience and know how with participants of Zagreb conference.<\/p>\n<p>Conference <b>will bring together some 150 &#8211; 200 participants from Croatia and SE\/Central Europe<\/b> representatives of business community, governmental bodies and institutions, trade associations, chambers, trade promotion and business development agencies, local government and media interested in export and internationalization of business activities through international trade fairs, conferences, matchmaking and other networking events.<\/p>\n<p><b>More information:<\/b><\/p>\n<p>Berislav \u010ci\u017emek, CEO of CBBS, Zagreb, phone: + 385 1 2304 001 ili email: <span id=\"eeEncEmail_7LWhGHoUbY\"><a href=\"mailto:ceo@cbbs.hr\">ceo@cbbs.hr<\/a><\/span>.<\/p>\n<p><b>Application for the conference and information:<\/b><\/p>\n<p>Sre\u0107ko Serti\u0107, director, Suvremena.hr &#8211; Seniko studio d.o.o., 10 090 Zagreb, Nove Ra\u0161ljice 2, kontakt: tel.\/fax: +385 1 3499 034,\u00a0 email: <span id=\"eeEncEmail_UtQCIVosyc\"><a href=\"mailto:direktor@suvremena.hr\">direktor@suvremena.hr<\/a><\/span>.<\/p>\n<p><b>Conference Programme:<\/b> <a href=\"https:\/\/cbbs.hr\/wp-content\/uploads\/2015\/06\/1st_International2.pdf\">PDF<\/a><\/p>\n<p><b>Application Form:<\/b> <a href=\"https:\/\/cbbs.hr\/wp-content\/uploads\/2015\/06\/Prijava-application-2-20121.pdf\">PDF<\/a><\/p>\n<\/div>\n<\/div>\n<\/div>\n","protected":false},"excerpt":{"rendered":"<p>Projects &amp; Partners CBBS &#8211; Management Consulting &amp; Business Building Co. has successfully created and conducted several projects and solutions for its clients and customers. Here you can find some of the projects developed in the period from June 2007 until today. 1.\u00a0Market studies Market study and concept for the development of Adriatic Boat Show&#8230;<\/p>\n","protected":false},"author":1,"featured_media":0,"parent":0,"menu_order":0,"comment_status":"open","ping_status":"open","template":"","meta":{"_kad_blocks_custom_css":"","_kad_blocks_head_custom_js":"","_kad_blocks_body_custom_js":"","_kad_blocks_footer_custom_js":"","_kad_post_transparent":"","_kad_post_title":"","_kad_post_layout":"","_kad_post_sidebar_id":"","_kad_post_content_style":"","_kad_post_vertical_padding":"","_kad_post_feature":"","_kad_post_feature_position":"","_kad_post_header":false,"_kad_post_footer":false,"footnotes":""},"class_list":["post-320","page","type-page","status-publish","hentry"],"yoast_head":"<!-- This site is optimized with the Yoast SEO plugin v26.3 - https:\/\/yoast.com\/wordpress\/plugins\/seo\/ -->\n<title>Strategic Partnerships \/ Projects &amp; Partners - CBBS<\/title>\n<meta name=\"robots\" content=\"index, follow, max-snippet:-1, max-image-preview:large, max-video-preview:-1\" \/>\n<link rel=\"canonical\" href=\"https:\/\/cbbs.hr\/en\/projekti-i-partneri\/\" \/>\n<meta property=\"og:locale\" content=\"en_US\" \/>\n<meta property=\"og:type\" content=\"article\" \/>\n<meta property=\"og:title\" content=\"Strategic Partnerships \/ Projects &amp; Partners - CBBS\" \/>\n<meta property=\"og:description\" content=\"Projects &amp; Partners CBBS &#8211; Management Consulting &amp; Business Building Co. has successfully created and conducted several projects and solutions for its clients and customers. Here you can find some of the projects developed in the period from June 2007 until today. 1.\u00a0Market studies Market study and concept for the development of Adriatic Boat Show...\" \/>\n<meta property=\"og:url\" content=\"https:\/\/cbbs.hr\/en\/projekti-i-partneri\/\" \/>\n<meta property=\"og:site_name\" content=\"CBBS\" \/>\n<meta property=\"article:publisher\" content=\"https:\/\/www.facebook.com\/berislav.cizmek\" \/>\n<meta property=\"article:modified_time\" content=\"2015-07-23T07:03:46+00:00\" \/>\n<meta property=\"og:image\" content=\"https:\/\/cbbs.hr\/wp-content\/uploads\/2015\/06\/Fotolia_22252214_S.jpg\" \/>\n\t<meta property=\"og:image:width\" content=\"693\" \/>\n\t<meta property=\"og:image:height\" content=\"693\" \/>\n\t<meta property=\"og:image:type\" content=\"image\/jpeg\" \/>\n<meta name=\"twitter:card\" content=\"summary_large_image\" \/>\n<meta name=\"twitter:label1\" content=\"Est. reading time\" \/>\n\t<meta name=\"twitter:data1\" content=\"6 minutes\" \/>\n<script type=\"application\/ld+json\" class=\"yoast-schema-graph\">{\"@context\":\"https:\/\/schema.org\",\"@graph\":[{\"@type\":\"WebPage\",\"@id\":\"https:\/\/cbbs.hr\/en\/projekti-i-partneri\/\",\"url\":\"https:\/\/cbbs.hr\/en\/projekti-i-partneri\/\",\"name\":\"Strategic Partnerships \/ Projects & Partners - CBBS\",\"isPartOf\":{\"@id\":\"https:\/\/cbbs.hr\/en\/#website\"},\"primaryImageOfPage\":{\"@id\":\"https:\/\/cbbs.hr\/en\/projekti-i-partneri\/#primaryimage\"},\"image\":{\"@id\":\"https:\/\/cbbs.hr\/en\/projekti-i-partneri\/#primaryimage\"},\"thumbnailUrl\":\"https:\/\/cbbs.hr\/wp-content\/uploads\/2015\/06\/Fotolia_22252214_S-300x300.jpg\",\"datePublished\":\"2015-06-30T07:39:19+00:00\",\"dateModified\":\"2015-07-23T07:03:46+00:00\",\"breadcrumb\":{\"@id\":\"https:\/\/cbbs.hr\/en\/projekti-i-partneri\/#breadcrumb\"},\"inLanguage\":\"en-US\",\"potentialAction\":[{\"@type\":\"ReadAction\",\"target\":[\"https:\/\/cbbs.hr\/en\/projekti-i-partneri\/\"]}]},{\"@type\":\"ImageObject\",\"inLanguage\":\"en-US\",\"@id\":\"https:\/\/cbbs.hr\/en\/projekti-i-partneri\/#primaryimage\",\"url\":\"https:\/\/cbbs.hr\/wp-content\/uploads\/2015\/06\/Fotolia_22252214_S-300x300.jpg\",\"contentUrl\":\"https:\/\/cbbs.hr\/wp-content\/uploads\/2015\/06\/Fotolia_22252214_S-300x300.jpg\"},{\"@type\":\"BreadcrumbList\",\"@id\":\"https:\/\/cbbs.hr\/en\/projekti-i-partneri\/#breadcrumb\",\"itemListElement\":[{\"@type\":\"ListItem\",\"position\":1,\"name\":\"Po\u010detna stranica\",\"item\":\"https:\/\/cbbs.hr\/en\/\"},{\"@type\":\"ListItem\",\"position\":2,\"name\":\"Strategic Partnerships \/ Projects &#038; Partners\"}]},{\"@type\":\"WebSite\",\"@id\":\"https:\/\/cbbs.hr\/en\/#website\",\"url\":\"https:\/\/cbbs.hr\/en\/\",\"name\":\"cbbs.hr\",\"description\":\"Management Consulting &amp; EU Lobbying Company\",\"publisher\":{\"@id\":\"https:\/\/cbbs.hr\/en\/#organization\"},\"alternateName\":\"CBBS\",\"potentialAction\":[{\"@type\":\"SearchAction\",\"target\":{\"@type\":\"EntryPoint\",\"urlTemplate\":\"https:\/\/cbbs.hr\/en\/?s={search_term_string}\"},\"query-input\":{\"@type\":\"PropertyValueSpecification\",\"valueRequired\":true,\"valueName\":\"search_term_string\"}}],\"inLanguage\":\"en-US\"},{\"@type\":\"Organization\",\"@id\":\"https:\/\/cbbs.hr\/en\/#organization\",\"name\":\"CBBS Management Consulting & EU Lobbying\",\"url\":\"https:\/\/cbbs.hr\/en\/\",\"logo\":{\"@type\":\"ImageObject\",\"inLanguage\":\"en-US\",\"@id\":\"https:\/\/cbbs.hr\/en\/#\/schema\/logo\/image\/\",\"url\":\"https:\/\/cbbs.hr\/wp-content\/uploads\/2025\/08\/cbbs_logo.svg\",\"contentUrl\":\"https:\/\/cbbs.hr\/wp-content\/uploads\/2025\/08\/cbbs_logo.svg\",\"width\":1,\"height\":1,\"caption\":\"CBBS Management Consulting & EU Lobbying\"},\"image\":{\"@id\":\"https:\/\/cbbs.hr\/en\/#\/schema\/logo\/image\/\"},\"sameAs\":[\"https:\/\/www.facebook.com\/berislav.cizmek\",\"https:\/\/www.linkedin.com\/in\/berislavcizmek\/\"]}]}<\/script>\n<!-- \/ Yoast SEO plugin. -->","yoast_head_json":{"title":"Strategic Partnerships \/ Projects & Partners - CBBS","robots":{"index":"index","follow":"follow","max-snippet":"max-snippet:-1","max-image-preview":"max-image-preview:large","max-video-preview":"max-video-preview:-1"},"canonical":"https:\/\/cbbs.hr\/en\/projekti-i-partneri\/","og_locale":"en_US","og_type":"article","og_title":"Strategic Partnerships \/ Projects & Partners - CBBS","og_description":"Projects &amp; Partners CBBS &#8211; Management Consulting &amp; Business Building Co. has successfully created and conducted several projects and solutions for its clients and customers. Here you can find some of the projects developed in the period from June 2007 until today. 1.\u00a0Market studies Market study and concept for the development of Adriatic Boat Show...","og_url":"https:\/\/cbbs.hr\/en\/projekti-i-partneri\/","og_site_name":"CBBS","article_publisher":"https:\/\/www.facebook.com\/berislav.cizmek","article_modified_time":"2015-07-23T07:03:46+00:00","og_image":[{"width":693,"height":693,"url":"https:\/\/cbbs.hr\/wp-content\/uploads\/2015\/06\/Fotolia_22252214_S.jpg","type":"image\/jpeg"}],"twitter_card":"summary_large_image","twitter_misc":{"Est. reading time":"6 minutes"},"schema":{"@context":"https:\/\/schema.org","@graph":[{"@type":"WebPage","@id":"https:\/\/cbbs.hr\/en\/projekti-i-partneri\/","url":"https:\/\/cbbs.hr\/en\/projekti-i-partneri\/","name":"Strategic Partnerships \/ Projects & Partners - CBBS","isPartOf":{"@id":"https:\/\/cbbs.hr\/en\/#website"},"primaryImageOfPage":{"@id":"https:\/\/cbbs.hr\/en\/projekti-i-partneri\/#primaryimage"},"image":{"@id":"https:\/\/cbbs.hr\/en\/projekti-i-partneri\/#primaryimage"},"thumbnailUrl":"https:\/\/cbbs.hr\/wp-content\/uploads\/2015\/06\/Fotolia_22252214_S-300x300.jpg","datePublished":"2015-06-30T07:39:19+00:00","dateModified":"2015-07-23T07:03:46+00:00","breadcrumb":{"@id":"https:\/\/cbbs.hr\/en\/projekti-i-partneri\/#breadcrumb"},"inLanguage":"en-US","potentialAction":[{"@type":"ReadAction","target":["https:\/\/cbbs.hr\/en\/projekti-i-partneri\/"]}]},{"@type":"ImageObject","inLanguage":"en-US","@id":"https:\/\/cbbs.hr\/en\/projekti-i-partneri\/#primaryimage","url":"https:\/\/cbbs.hr\/wp-content\/uploads\/2015\/06\/Fotolia_22252214_S-300x300.jpg","contentUrl":"https:\/\/cbbs.hr\/wp-content\/uploads\/2015\/06\/Fotolia_22252214_S-300x300.jpg"},{"@type":"BreadcrumbList","@id":"https:\/\/cbbs.hr\/en\/projekti-i-partneri\/#breadcrumb","itemListElement":[{"@type":"ListItem","position":1,"name":"Po\u010detna stranica","item":"https:\/\/cbbs.hr\/en\/"},{"@type":"ListItem","position":2,"name":"Strategic Partnerships \/ Projects &#038; Partners"}]},{"@type":"WebSite","@id":"https:\/\/cbbs.hr\/en\/#website","url":"https:\/\/cbbs.hr\/en\/","name":"cbbs.hr","description":"Management Consulting &amp; EU Lobbying Company","publisher":{"@id":"https:\/\/cbbs.hr\/en\/#organization"},"alternateName":"CBBS","potentialAction":[{"@type":"SearchAction","target":{"@type":"EntryPoint","urlTemplate":"https:\/\/cbbs.hr\/en\/?s={search_term_string}"},"query-input":{"@type":"PropertyValueSpecification","valueRequired":true,"valueName":"search_term_string"}}],"inLanguage":"en-US"},{"@type":"Organization","@id":"https:\/\/cbbs.hr\/en\/#organization","name":"CBBS Management Consulting & EU Lobbying","url":"https:\/\/cbbs.hr\/en\/","logo":{"@type":"ImageObject","inLanguage":"en-US","@id":"https:\/\/cbbs.hr\/en\/#\/schema\/logo\/image\/","url":"https:\/\/cbbs.hr\/wp-content\/uploads\/2025\/08\/cbbs_logo.svg","contentUrl":"https:\/\/cbbs.hr\/wp-content\/uploads\/2025\/08\/cbbs_logo.svg","width":1,"height":1,"caption":"CBBS Management Consulting & EU Lobbying"},"image":{"@id":"https:\/\/cbbs.hr\/en\/#\/schema\/logo\/image\/"},"sameAs":["https:\/\/www.facebook.com\/berislav.cizmek","https:\/\/www.linkedin.com\/in\/berislavcizmek\/"]}]}},"taxonomy_info":[],"featured_image_src_large":false,"author_info":{"display_name":"cbbs_wp","author_link":"https:\/\/cbbs.hr\/en\/author\/cbbs_wp\/"},"comment_info":"","_links":{"self":[{"href":"https:\/\/cbbs.hr\/en\/wp-json\/wp\/v2\/pages\/320","targetHints":{"allow":["GET"]}}],"collection":[{"href":"https:\/\/cbbs.hr\/en\/wp-json\/wp\/v2\/pages"}],"about":[{"href":"https:\/\/cbbs.hr\/en\/wp-json\/wp\/v2\/types\/page"}],"author":[{"embeddable":true,"href":"https:\/\/cbbs.hr\/en\/wp-json\/wp\/v2\/users\/1"}],"replies":[{"embeddable":true,"href":"https:\/\/cbbs.hr\/en\/wp-json\/wp\/v2\/comments?post=320"}],"version-history":[{"count":19,"href":"https:\/\/cbbs.hr\/en\/wp-json\/wp\/v2\/pages\/320\/revisions"}],"predecessor-version":[{"id":819,"href":"https:\/\/cbbs.hr\/en\/wp-json\/wp\/v2\/pages\/320\/revisions\/819"}],"wp:attachment":[{"href":"https:\/\/cbbs.hr\/en\/wp-json\/wp\/v2\/media?parent=320"}],"curies":[{"name":"wp","href":"https:\/\/api.w.org\/{rel}","templated":true}]}}